{"id":42,"date":"2026-02-08T14:01:31","date_gmt":"2026-02-08T14:01:31","guid":{"rendered":"http:\/\/lacoiffeuseavelo.fr\/?page_id=42"},"modified":"2026-02-09T21:24:02","modified_gmt":"2026-02-09T21:24:02","slug":"tarifs","status":"publish","type":"page","link":"https:\/\/lacoiffeuseavelo.fr\/index.php\/tarifs\/","title":{"rendered":"Tarifs"},"content":{"rendered":"\n<ul class=\"wp-block-list\">\n<li><strong>Shampooing, soin + coiffage<\/strong> <em>Entre 30 et 50min<\/em><\/li>\n\n\n\n<li><strong>Rdv Conseil visagisme o<\/strong>u <strong>RDV conseil couleur v\u00e9g\u00e9tal<\/strong><em>(30min)<\/em><\/li>\n\n\n\n<li><strong>Coupe rapide<\/strong> <em>(tondeuse, \u00e9pointage fourche sans shp) 25min<\/em><\/li>\n\n\n\n<li><strong>Shampooing, soin + coupe et coiffage. <\/strong><em>Entre 45min et 1h<\/em><\/li>\n\n\n\n<li><em>Sans shampooing<\/em><\/li>\n\n\n\n<li><strong>Masque \u00e0 l&rsquo;argile<\/strong><\/li>\n\n\n\n<li><strong>Soin lumi\u00e8re + modelage<\/strong> <strong>du cuir chevelu<\/strong><\/li>\n\n\n\n<li><strong>Protocole Green Botox<\/strong><\/li>\n\n\n\n<li><strong>Coloration v\u00e9g\u00e9tale 50g:<\/strong><\/li>\n\n\n\n<li><strong>1 application<\/strong> <em>Entre 40min et 1h30<\/em><\/li>\n\n\n\n<li><strong>2 applications<\/strong> <em>Entre 2h et 3h30<\/em><\/li>\n\n\n\n<li><strong>3 applications<\/strong> <em>Entre 2h et 4h<\/em><\/li>\n\n\n\n<li><strong>Dose suppl\u00e9mentaire ou allongement longueurs.<\/strong><\/li>\n\n\n\n<li><strong>Coloration alternative douce,<\/strong> <strong>sans ammoniaque<\/strong><em> <\/em><em>50 min<\/em><\/li>\n\n\n\n<li><strong>Dose suppl\u00e9mentaire ou Allongement longueurs.<\/strong><\/li>\n\n\n\n<li><strong>Balayage lumi\u00e8re <\/strong><em>(D\u00e9coloration l\u00e9g\u00e8re) Entre 1h et 1h30<\/em><strong>.<\/strong><\/li>\n\n\n\n<li><strong>M\u00e8ches\/Ombr\u00e9 <\/strong><em>(d\u00e9coloration pouss\u00e9e)<\/em> <em>Entre 2h et 2h30<\/em><\/li>\n\n\n\n<li><strong>Patine\/Gloss<\/strong> <em>15min<\/em><\/li>\n\n\n\n<li><strong>Modelage Shirotchampi <\/strong><em>45min<\/em><\/li>\n\n\n\n<li><strong>Coupe B\u00e9b\u00e9 <\/strong><em>0-3 ans<\/em><\/li>\n\n\n\n<li><strong>Coupe Enfant <\/strong><em>4-10ans<\/em><\/li>\n\n\n\n<li><strong>Coupe Ado <\/strong><em>11-18ans<\/em><\/li>\n\n\n\n<li><strong>Tarif groupe <\/strong><em>(minimum 2 personnes adultes)<\/em><\/li>\n<\/ul>\n","protected":false},"excerpt":{"rendered":"","protected":false},"author":1,"featured_media":0,"parent":0,"menu_order":0,"comment_status":"closed","ping_status":"closed","template":"","meta":{"footnotes":""},"class_list":["post-42","page","type-page","status-publish","hentry"],"_links":{"self":[{"href":"https:\/\/lacoiffeuseavelo.fr\/index.php\/wp-json\/wp\/v2\/pages\/42","targetHints":{"allow":["GET"]}}],"collection":[{"href":"https:\/\/lacoiffeuseavelo.fr\/index.php\/wp-json\/wp\/v2\/pages"}],"about":[{"href":"https:\/\/lacoiffeuseavelo.fr\/index.php\/wp-json\/wp\/v2\/types\/page"}],"author":[{"embeddable":true,"href":"https:\/\/lacoiffeuseavelo.fr\/index.php\/wp-json\/wp\/v2\/users\/1"}],"replies":[{"embeddable":true,"href":"https:\/\/lacoiffeuseavelo.fr\/index.php\/wp-json\/wp\/v2\/comments?post=42"}],"version-history":[{"count":3,"href":"https:\/\/lacoiffeuseavelo.fr\/index.php\/wp-json\/wp\/v2\/pages\/42\/revisions"}],"predecessor-version":[{"id":91,"href":"https:\/\/lacoiffeuseavelo.fr\/index.php\/wp-json\/wp\/v2\/pages\/42\/revisions\/91"}],"wp:attachment":[{"href":"https:\/\/lacoiffeuseavelo.fr\/index.php\/wp-json\/wp\/v2\/media?parent=42"}],"curies":[{"name":"wp","href":"https:\/\/api.w.org\/{rel}","templated":true}]}}